{"id":48,"date":"2023-03-13T13:01:57","date_gmt":"2023-03-13T12:01:57","guid":{"rendered":"http:\/\/preview.rav-kongress.de\/?page_id=48"},"modified":"2023-06-02T12:05:19","modified_gmt":"2023-06-02T11:05:19","slug":"datenschutz","status":"publish","type":"page","link":"https:\/\/www.rav-kongress.de\/archiv\/2023\/datenschutz\/","title":{"rendered":"Datenschutz"},"content":{"rendered":"<header>\n<h3>Datenschutzerkl\u00e4rung<\/h3>\n<\/header>\n<p>Nachstehend informieren wir Sie \u00fcber Art, Umfang und Zweck der Verarbeitung Ihrer personenbezogenen Daten bei der Nutzung unserer Internetseiten unter den Adressen \u201ewww.rav.de\u201c und \u201ewww.rav-kongress.de\u201c, bei der Buchung von Fortbildungen und sonstigen Veranstaltungen sowie im Zusammenhang mit einer Mitgliedschaft in unserem Verein.<\/p>\n<p>Personenbezogene Daten sind gem\u00e4\u00df Artikel 4 Ziffer 1 EU-Datenschutzgrundverordnung (DSGVO) alle Informationen, die sich auf eine identifizierte oder identifizierbare nat\u00fcrliche Person beziehen.<\/p>\n<h5>1. Verantwortlicher<\/h5>\n<p>Verantwortlicher im Sinne der DSGVO ist diejenige nat\u00fcrliche oder juristische Person, die allein oder gemeinsam mit anderen \u00fcber die Zwecke und Mittel der Verarbeitung von personenbezogenen Daten entscheidet. F\u00fcr die im Folgenden beschriebenen Verarbeitungsvorg\u00e4nge ist Verantwortlicher im Sinne der DSGVO: Republikanischer Anw\u00e4ltinnen- und Anw\u00e4lteverein e.V., Greifswalder Stra\u00dfe 4, 10405 Berlin, Telefon (030) 417 235 55, E-Mail kontakt@rav.de (im Folgenden \u201ewir\u201c).<\/p>\n<h5>2. Besuch unserer Webseite<\/h5>\n<p>Wenn Sie unsere Webseite besuchen, erhebt unser Server die folgenden Informationen von Ihrem Endger\u00e4t: Browser-Typ und -Version, Betriebssystem, die zuvor besuchte Webseite (\u201eReferrer\u201c), IP-Adresse und Zeitpunkt des Seitenaufrufs.<\/p>\n<p>Wir erheben und verarbeiten diese Daten, um den st\u00f6rungsfreien Betrieb unserer Webseite sicherzustellen und einen Missbrauch unserer Leistungen erkennen, abwehren und verfolgen zu k\u00f6nnen. Ferner nutzen wir die erhobenen Daten zu statistischen Zwecken, um etwa auszuwerten, mit welchen Endger\u00e4ten und Browsern unser Shop aufgerufen wird, um auf dieser Basis unser Angebot laufend an die Bed\u00fcrfnisse der Nutzer anzupassen und zu verbessern. Diese Datenverarbeitung erfolgt auf Grundlage von Artikel 6 Absatz 1 Buchstabe f DSGVO.<\/p>\n<p>Alle oben genannten personenbezogenen Daten l\u00f6schen wir sp\u00e4testens zw\u00f6lf Monate nach ihrer Erhebung.<\/p>\n<h5>3. Buchung von Veranstaltungen<\/h5>\n<p>Wenn Sie bei uns die Teilnahme an einer Fortbildung oder an einer sonstigen Veranstaltung buchen, verarbeiten wir Ihren Namen, Ihre Anschrift und Ihre E-Mail-Adresse. Soweit Sie bei Ihrer Bestellung freiwillig weitere Daten angeben (z.B. eine abweichende Rechnungsadresse oder eine Telefonnummer), verarbeiten wir auch diese Daten.<\/p>\n<p>Wir verarbeiten diese Daten elektronisch zur ordnungsgem\u00e4\u00dfen Vertragserf\u00fcllung, insbesondere f\u00fcr die Vertragsbest\u00e4tigung, die Rechnungsstellung, die Verbuchung von Zahlungen und die Ausstellung der Teilnahmebest\u00e4tigung. Diese Datenverarbeitung erfolgt auf Grundlage von Artikel 6 Absatz 1 Buchstabe b DSGVO.<\/p>\n<p>Wir halten diese Daten gespeichert, bis alle gegenseitigen Anspr\u00fcche aus dem jeweiligen Vertragsverh\u00e4ltnis mit Ihnen vollst\u00e4ndig erledigt und die handels- und steuerrechtlichen Aufbewahrungsfristen abgelaufen sind, denen wir unterliegen.<\/p>\n<p>F\u00fcr einen Vertragsschluss zwischen Ihnen und uns ist es erforderlich, dass wir Ihren Namen und Ihre E-Mail-Adresse erhalten. Die Erforderlichkeit der Bereitstellung dieser Daten ergibt sich aus gesetzlichen Vorschriften (etwa \u00a7 312i Abs. 1 Ziffer 3 BGB, \u00a7 14 Abs. 4 UStG). Ohne Bereitstellung dieser Daten k\u00f6nnen Sie mit uns daher keinen Vertrag schlie\u00dfen.<\/p>\n<p>Bei der Entscheidung \u00fcber einen Vertragsschluss verzichten wir auf automatisierte Entscheidungsfindungen und auf Profiling.<\/p>\n<h5>4. Mitgliedschaft<\/h5>\n<p>Wenn Sie die Mitgliedschaft in unserem Verein beantragen, erheben wir Ihren Namen, Ihre Anschrift, Ihre E-Mail-Adresse, Ihren Beruf und das Datum Ihrer Zulassung als Rechtsanw\u00e4ltin oder Rechtsanwalt. Wir verarbeiten diese Angaben, um \u00fcber Ihre Aufnahme in unseren Verein zu entscheiden, und, sofern wir Sie aufnehmen, um Sie in unserer Mitgliederliste zu f\u00fchren, um Sie zu Mitgliederversammlungen und sonstigen Veranstaltungen des Vereins einzuladen und um Ihren Mitgliedsbeitrag zu erheben und zu verbuchen. Die Verarbeitung erfolgt auf Grundlage von Artikel 6 Absatz 1 Buchstabe b DSGVO. Wir halten diese Daten gespeichert bis zur Beendigung Ihrer Mitgliedschaft. Dar\u00fcber hinaus halten wir diejenigen Daten gespeichert, die zusammenh\u00e4ngen mit der Erhebung und Bezahlung von Mitgliedsbeitr\u00e4gen, bis die diesbez\u00fcglichen steuerrechtlichen Aufbewahrungsfristen abgelaufen sind.<\/p>\n<p>Sie k\u00f6nnen uns freiwillig weitere Informationen \u00fcber sich zu Verf\u00fcgung stellen, etwa Arbeitsschwerpunkte, Fachanwaltsbezeichnungen, Sprachkenntnisse und weitere Kontaktdaten. Sie k\u00f6nnen uns gegen\u00fcber zus\u00e4tzlich die Einwilligung erteilen zur internen Weitergabe dieser Informationen an andere Mitglieder oder auch zur Aufnahme dieser Daten in unser \u00f6ffentlich zug\u00e4ngliches Anwaltsverzeichnis (https:\/\/anwaltssuche.rav.de). Die Daten verarbeiten wir gem\u00e4\u00df Ihrer Einwilligung (Artikel 6 Absatz 1 Buchstabe a DSGVO) und halten sie gespeichert, bis Sie Ihre Einwilligung widerrufen oder Ihre Mitgliedschaft endet.<\/p>\n<p>Sofern wir Ihren Mitgliedsantrag ablehnen, l\u00f6schen wir die im Zusammenhang mit Ihrem Antrag verarbeiteten personenbezogenen Daten binnen drei Monaten ab unserer Entscheidung \u00fcber die Ablehnung.<\/p>\n<h5>5. Zahlungen<\/h5>\n<p>F\u00fcr die Bezahlung von Veranstaltungsentgelten und Mitgliedsbeitr\u00e4gen erhebt und verarbeitet der von Ihnen gew\u00e4hlte Zahlungsdienstleister Ihren Namen, Ihre E-Mail-Adresse, Ihre Karten- oder Kontonummer und\/oder weitere Daten, soweit f\u00fcr die von Ihnen gew\u00e4hlte Zahlungsmethode jeweils erforderlich. Es gelten insoweit erg\u00e4nzend die Vertrags- und Datenschutzbestimmungen des von Ihnen gew\u00e4hlten Zahlungsdienstleisters.<\/p>\n<p>Beim Empfang einer Zahlung verarbeiten wir diejenigen Daten, die uns der Zahlungsdienstleister \u00fcbermittelt.<\/p>\n<p>Wenn wir eine \u00dcberweisung auf unser Konto erhalten, verarbeiten wir insbesondere den Namen des \u00fcberweisenden Kontoinhabers, die Kontonummer (IBAN und BIC) und den mit\u00fcbermittelten Verwendungszweck.<\/p>\n<p>Die Verarbeitung erfolgt auf Grundlage von Artikel 6 Absatz 1 Buchstabe b DSGVO. Wir halten diese Daten gespeichert, bis alle gegenseitigen Anspr\u00fcche aus dem jeweiligen Vertragsverh\u00e4ltnis mit Ihnen vollst\u00e4ndig erledigt und die handels- und steuerrechtlichen Aufbewahrungsfristen abgelaufen sind, denen wir unterliegen.<\/p>\n<h5>6. Kontaktaufnahme<\/h5>\n<p>Wenn Sie das Kontaktformular unserer Webseite nutzen, verarbeiten wir die von Ihnen dabei eingegebenen Daten; dies sind neben Ihrer Nachricht Ihr Name, Ihre E-Mail-Adresse und Ihre Telefonnummer.<\/p>\n<p>Wenn Sie uns eine Nachricht per E-Mail schicken, speichern wir Ihre Nachricht mit den damit \u00fcbermittelten Absenderdaten (Name, E-Mail-Adresse und ggf. weitere von Ihrem E-Mail-Programm und den \u00fcbermittelnden Servern hinzugef\u00fcgte Informationen).<\/p>\n<p>Rechtsgrundlage f\u00fcr diese Datenverarbeitung ist unser berechtigtes Interesse, Ihre Nachricht zu beantworten und auch auf eventuelle Folgefragen von Ihnen reagieren zu k\u00f6nnen (Artikel 6 Absatz 1 Buchstabe f DSGVO). Wir l\u00f6schen die mit Ihrer Nachricht erhobenen Daten sp\u00e4testens zw\u00f6lf Monate nach der letzten mit Ihnen gef\u00fchrten Kommunikation zu Ihrem Anliegen, vorbehaltlich der Reglung im folgenden Absatz.<\/p>\n<p>Wenn Sie uns eine rechtlich relevante Erkl\u00e4rung zu einem Vertragsverh\u00e4ltnis oder in Bezug auf Ihre Mitgliedschaft bei uns \u00fcbermitteln (z.B. einen R\u00fccktritt oder eine K\u00fcndigung), ist Rechtsgrundlage f\u00fcr die Verarbeitung, unabh\u00e4ngig vom \u00dcbermittlungsweg, Artikel 6 Absatz 1 Buchstabe b DSGVO. In einem solchen Fall l\u00f6schen wir die mit Ihrer Erkl\u00e4rung zusammenh\u00e4ngenden Daten, sobald alle wechselseitigen Anspr\u00fcche aus dem Rechtsverh\u00e4ltnis endg\u00fcltig erledigt und die entsprechenden handels- und steuerrechtlichen Aufbewahrungsfristen abgelaufen sind.<\/p>\n<h5>7. Newsletter<\/h5>\n<p>Wenn Sie unseren Newsletter abonniert haben, werden wir Sie per E-Mail \u00fcber Veranstaltungen und Angebote unseres Vereins informieren. Sie werden dabei nicht mehr als einen Newsletter in der Woche erhalten. Sie k\u00f6nnen der Nutzung Ihrer E-Mail-Adresse zu Werbezwecken jederzeit formlos widersprechen, ohne dass hierf\u00fcr andere als die \u00dcbermittlungskosten nach den Basistarifen entstehen.<\/p>\n<p>Diese Datenverarbeitung erfolgt auf Grundlage Ihrer Einwilligung gem\u00e4\u00df Artikel 6 Absatz 1 Buchstabe a DSGVO. Wenn Sie die Einwilligung zur Nutzung Ihrer E-Mail-Adresse zu Werbezwecken widerrufen, l\u00f6schen wir Ihre E-Mail-Adresse aus unserem Newsletter-Verteiler.<\/p>\n<h5>8. Auftragsverarbeiter und sonstige Empf\u00e4nger<\/h5>\n<p>F\u00fcr den Betrieb unserer Webseite sowie f\u00fcr den Empfang, die Speicherung und den Versand von E-Mails nehmen wir technischen Leistungen von DomainFactory (domainfactory GmbH, 85737 Ismaning) als Auftragsverarbeiter gem\u00e4\u00df Artikel 28 DSGVO in Anspruch.<\/p>\n<p>Sofern wir Sie postalisch kontaktieren, erhalten die Deutsche Post AG bzw. der von uns beauftragte sonstige Postdienstleister Ihren Namen und Ihre Anschrift im Adressfeld der Sendung zum Zwecke der Zustellung.<\/p>\n<h5>9. Social Media<\/h5>\n<p>Auf unserer Webseite k\u00f6nnen Social-Media-Buttons eingeblendet sein; sie sind an den Logos der Social-Media-Plattformen (im Folgenden \u201ePlattformen\u201c) zu erkennen (bei Twitter z.B. eine Vogel-Silhouette). Ein Klick auf einen solchen Button ruft die Internetseite der jeweiligen Plattform auf, wobei die IP-Adresse des aufrufenden Endger\u00e4ts sowie die Adresse der Seite, von der aus verlinkt wird (\u201eReferrer\u201c), an die aufgerufene Plattform \u00fcbermittelt werden. Von uns selbst werden im Zusammenhang mit den Social-Media-Buttons jedoch keine Daten erhoben oder verarbeitet.<\/p>\n<h5>10. Ihre Rechte<\/h5>\n<p>Bez\u00fcglich der personenbezogenen Daten, die wir \u00fcber Sie verarbeiten, stehen Ihnen die folgenden Rechte zu:<\/p>\n<p>Sie haben das Recht, von uns eine Best\u00e4tigung dar\u00fcber zu verlangen, ob wir Sie betreffende personenbezogene Daten verarbeiten. Ist dies der Fall, so teilen wir Ihnen die \u00fcber Sie gespeicherten personenbezogenen Daten und die weiteren Informationen gem\u00e4\u00df Artikel 15 Abs. 1 u. 2 DSGVO mit.<\/p>\n<p>Sie haben das Recht, Sie betreffende unrichtige personenbezogene Daten unverz\u00fcglich berichtigen zu lassen. Unter Ber\u00fccksichtigung der Zwecke der Verarbeitung haben Sie auch das Recht, die Vervollst\u00e4ndigung unvollst\u00e4ndiger personenbezogener Daten \u2013 auch mittels einer erg\u00e4nzenden Erkl\u00e4rung \u2013 zu verlangen.<\/p>\n<p>Sie k\u00f6nnen von uns die unverz\u00fcgliche L\u00f6schung der Sie betreffenden personenbezogenen Daten unter den Voraussetzungen von Artikel 17 Absatz 1 DSGVO verlangen, soweit deren Verarbeitung nicht gem\u00e4\u00df Artikel 17 Absatz 3 DSGVO erforderlich ist.<\/p>\n<p>Sie k\u00f6nnen von uns die Einschr\u00e4nkung der Verarbeitung Ihrer Daten verlangen, wenn eine der Voraussetzungen von Artikel 18 Absatz 1 DSGVO vorliegt. Sie k\u00f6nnen die Einschr\u00e4nkung insbesondere anstelle einer L\u00f6schung verlangen.<\/p>\n<p>Wir werden jede Berichtigung oder L\u00f6schung Ihrer personenbezogenen Daten und eine Einschr\u00e4nkung der Verarbeitung allen Empf\u00e4ngern mitteilen, denen wir Sie betreffende personenbezogene Daten offengelegt haben, es sei denn, dies erweist sich als unm\u00f6glich oder ist mit einem unverh\u00e4ltnism\u00e4\u00dfigen Aufwand verbunden. Wir werden Sie zudem \u00fcber diese Empf\u00e4nger unterrichten, wenn Sie dies verlangen.<\/p>\n<p>Sie haben das Recht, die personenbezogenen Daten, die Sie uns bereitgestellt haben, in einem strukturierten, g\u00e4ngigen und maschinenlesbaren Format zu erhalten, und k\u00f6nnen verlangen, dass wir diese Daten einem anderen Verantwortlichen ohne Behinderung \u00fcbermitteln, soweit dies technisch m\u00f6glich ist.<\/p>\n<p>Soweit eine Datenverarbeitung auf Ihrer Einwilligung beruht, haben Sie das Recht, Ihre Einwilligung jederzeit zu widerrufen. Durch den Widerruf der Einwilligung wird die Rechtm\u00e4\u00dfigkeit der Datenverarbeitung, die bis zu Ihrem Widerruf erfolgt ist, nicht ber\u00fchrt.<\/p>\n<p>WIDERSPRUCHSRECHT: AUS GR\u00dcNDEN, DIE SICH AUS IHRER BESONDEREN SITUATION ERGEBEN, K\u00d6NNEN SIE JEDERZEIT DER VERARBEITUNG DER SIE BETREFFENDEN PERSONENBEZOGENEN DATEN WIDERSPRECHEN; dieses Widerspruchsrecht besteht in Bezug auf diejenige Datenverarbeitung, die auf Grundlage von Artikel 6 Absatz 1 Buchstabe f DSGVO zur Wahrung berechtigter Interessen unsererseits oder eines Dritten erfolgt, sofern nicht Ihre Interessen oder Grundrechte und Grundfreiheiten, die den Schutz personenbezogener Daten erfordern, \u00fcberwiegen. Wenn Sie Ihr Widerspruchsrecht aus\u00fcben, werden wir die betreffenden Daten nicht mehr verarbeiten, es sei denn, dass wir zwingende schutzw\u00fcrdige Gr\u00fcnde f\u00fcr die Verarbeitung nachweisen k\u00f6nnen, die die Interessen, Rechte und Freiheiten von Ihnen \u00fcberwiegen, oder dass die Verarbeitung der Geltendmachung, Aus\u00fcbung oder Verteidigung von Rechtsanspr\u00fcchen dient.<\/p>\n<p>F\u00dcR DEN FALL, DASS WIR PERSONENBEZOGENE DATEN F\u00dcR DIE DIREKTWERBUNG (Z.B. NEWSLETTER) VERARBEITEN, K\u00d6NNEN SIE JEDERZEIT WIDERSPRUCH GEGEN DIE VERARBEITUNG DER SIE BETREFFENDEN PERSONENBEZOGENEN DATEN ZUM ZWECKE DERARTIGER WERBUNG EINLEGEN MIT DER FOLGE, DASS WIR IHRE DATEN F\u00dcR DIESE ZWECKE NICHT MEHR VERARBEITEN WERDEN.<\/p>\n<p>Wenn Sie der Ansicht sind, dass die Verarbeitung Ihrer personenbezogenen Daten gegen die DSGVO verst\u00f6\u00dft, k\u00f6nnen Sie Beschwerde einlegen bei einer Aufsichtsbeh\u00f6rde, insbesondere in dem Mitgliedstaat Ihres Aufenthaltsorts, Ihres Arbeitsplatzes oder des Orts des mutma\u00dflichen Versto\u00dfes. Das schlie\u00dft anderweitige beh\u00f6rdliche oder gerichtliche Rechtsbehelfe nicht aus.<\/p>\n","protected":false},"excerpt":{"rendered":"<p>Datenschutzerkl\u00e4rung Nachstehend informieren wir Sie \u00fcber Art, Umfang und Zweck der Verarbeitung Ihrer personenbezogenen Daten bei der Nutzung unserer Internetseiten unter den Adressen \u201ewww.rav.de\u201c und \u201ewww.rav-kongress.de\u201c, bei der Buchung von [&hellip;]<\/p>\n","protected":false},"author":1,"featured_media":0,"parent":0,"menu_order":0,"comment_status":"closed","ping_status":"closed","template":"","meta":[],"_links":{"self":[{"href":"https:\/\/www.rav-kongress.de\/archiv\/2023\/wp-json\/wp\/v2\/pages\/48"}],"collection":[{"href":"https:\/\/www.rav-kongress.de\/archiv\/2023\/wp-json\/wp\/v2\/pages"}],"about":[{"href":"https:\/\/www.rav-kongress.de\/archiv\/2023\/wp-json\/wp\/v2\/types\/page"}],"author":[{"embeddable":true,"href":"https:\/\/www.rav-kongress.de\/archiv\/2023\/wp-json\/wp\/v2\/users\/1"}],"replies":[{"embeddable":true,"href":"https:\/\/www.rav-kongress.de\/archiv\/2023\/wp-json\/wp\/v2\/comments?post=48"}],"version-history":[{"count":6,"href":"https:\/\/www.rav-kongress.de\/archiv\/2023\/wp-json\/wp\/v2\/pages\/48\/revisions"}],"predecessor-version":[{"id":595,"href":"https:\/\/www.rav-kongress.de\/archiv\/2023\/wp-json\/wp\/v2\/pages\/48\/revisions\/595"}],"wp:attachment":[{"href":"https:\/\/www.rav-kongress.de\/archiv\/2023\/wp-json\/wp\/v2\/media?parent=48"}],"curies":[{"name":"wp","href":"https:\/\/api.w.org\/{rel}","templated":true}]}}